{"id":15766995,"date":"2025-11-06T13:58:44","date_gmt":"2025-11-06T16:58:44","guid":{"rendered":"https:\/\/www.constructoravic.cl\/?page_id=15766995"},"modified":"2025-12-02T20:22:04","modified_gmt":"2025-12-02T23:22:04","slug":"tepsac","status":"publish","type":"page","link":"https:\/\/www.constructoravic.cl\/index.php\/tepsac\/","title":{"rendered":"TEPSAC"},"content":{"rendered":"<p>[et_pb_section fb_built=&#8221;1&#8243; _builder_version=&#8221;4.27.4&#8243; _module_preset=&#8221;default&#8221; global_colors_info=&#8221;{}&#8221;][et_pb_row use_custom_gutter=&#8221;on&#8221; gutter_width=&#8221;2&#8243; _builder_version=&#8221;4.27.4&#8243; _module_preset=&#8221;default&#8221; global_colors_info=&#8221;{}&#8221;][et_pb_column type=&#8221;4_4&#8243; _builder_version=&#8221;4.16&#8243; _module_preset=&#8221;default&#8221; global_colors_info=&#8221;{}&#8221;][et_pb_text _builder_version=&#8221;4.27.4&#8243; _module_preset=&#8221;default&#8221; text_font=&#8221;|||||on|||&#8221; header_2_font=&#8221;Poppins|300||||on|||&#8221; header_2_text_color=&#8221;#000000&#8243; header_2_font_size=&#8221;45px&#8221; header_2_letter_spacing=&#8221;1px&#8221; header_2_line_height=&#8221;1.3em&#8221; custom_margin=&#8221;||15px||false|false&#8221; header_2_font_size_tablet=&#8221;45px&#8221; header_2_font_size_phone=&#8221;35px&#8221; header_2_font_size_last_edited=&#8221;on|phone&#8221; global_colors_info=&#8221;{}&#8221;]<\/p>\n<h2>Nombres del proyecto<\/h2>\n<p>[\/et_pb_text][et_pb_text _builder_version=&#8221;4.27.4&#8243; _module_preset=&#8221;default&#8221; text_font=&#8221;Mulish||||||||&#8221; text_text_color=&#8221;#525151&#8243; text_font_size=&#8221;16px&#8221; text_line_height=&#8221;2.3em&#8221; custom_margin=&#8221;||-19px||false|false&#8221; text_font_size_tablet=&#8221;&#8221; text_font_size_phone=&#8221;15px&#8221; text_font_size_last_edited=&#8221;on|phone&#8221; global_colors_info=&#8221;{}&#8221;]<\/p>\n<p><strong>EMPRESA MANDANTE: <\/strong>TEPSAC<\/p>\n<p><strong>UBICACI\u00d3N: <\/strong>Minera Centinela<\/p>\n<p><strong>PERIODO: <\/strong>May \u2013 Sep \/ 2025<\/p>\n<p><strong>NOMBRE DEL PROYECTO: <\/strong>Sumnistro de 960 m3 de soluci\u00f3n de Bischofita para supresi\u00f3n de polvo en caminos de Nueva Centinela.<\/p>\n<p><strong>Duraci\u00f3n: <\/strong>5 meses<\/p>\n<p><strong>DESCRIPCI\u00d3N GENERAL: <\/strong>Adquisi\u00f3n de Bischofita a granel y posterior diluci\u00f3n con agua industrial para lograr una densidad de la salmuera de 1,25 ton\/m3. Para la diluci\u00f3n se emplean motobombas que mezclan el agua y la bischofita en estanques impermeabilizados.<\/p>\n<p>&nbsp;<\/p>\n<p>[\/et_pb_text][\/et_pb_column][\/et_pb_row][et_pb_row use_custom_gutter=&#8221;on&#8221; gutter_width=&#8221;2&#8243; make_equal=&#8221;on&#8221; disabled_on=&#8221;off|off|off&#8221; _builder_version=&#8221;4.27.4&#8243; _module_preset=&#8221;default&#8221; custom_margin=&#8221;-23px|auto||auto||&#8221; global_colors_info=&#8221;{}&#8221; theme_builder_area=&#8221;post_content&#8221;][et_pb_column type=&#8221;4_4&#8243; _builder_version=&#8221;4.16&#8243; _module_preset=&#8221;default&#8221; custom_css_main_element=&#8221;margin: auto;&#8221; global_colors_info=&#8221;{}&#8221; theme_builder_area=&#8221;post_content&#8221;][dipi_carousel columns=&#8221;3&#8243; space_between=&#8221;34&#8243; container_padding=&#8221;0px|0px|0px|0px|true|true&#8221; speed=&#8221;4001&#8243; loop_wide=&#8221;on&#8221; autoplay_wide=&#8221;on&#8221; continues_wide=&#8221;on&#8221; pause_on_hover_wide=&#8221;on&#8221; navigation=&#8221;on&#8221; navigation_prev_icon_yn=&#8221;on&#8221; navigation_prev_icon=&#8221;&#x34;||divi||400&#8243; navigation_next_icon_yn=&#8221;on&#8221; navigation_next_icon=&#8221;&#x35;||divi||400&#8243; navigation_color=&#8221;#F46150&#8243; navigation_bg_color=&#8221;rgba(251,244,235,0.36)&#8221; navigation_position_left=&#8221;-75px&#8221; navigation_position_right=&#8221;-75px&#8221; columns_tablet=&#8221;2&#8243; columns_phone=&#8221;1&#8243; columns_last_edited=&#8221;on|tablet&#8221; navigation_position_left_tablet=&#8221;-68px&#8221; navigation_position_left_phone=&#8221;-50px&#8221; navigation_position_left_last_edited=&#8221;on|tablet&#8221; navigation_position_right_tablet=&#8221;-68px&#8221; navigation_position_right_phone=&#8221;-50px&#8221; navigation_position_right_last_edited=&#8221;on|phone&#8221; _builder_version=&#8221;4.27.4&#8243; _module_preset=&#8221;default&#8221; title_font_size=&#8221;1px&#8221; min_height=&#8221;191px&#8221; global_colors_info=&#8221;{}&#8221; theme_builder_area=&#8221;post_content&#8221;][dipi_carousel_child img_src=&#8221;https:\/\/www.constructoravic.cl\/wp-content\/uploads\/2025\/12\/4.1-1.png&#8221; title_text=&#8221;4.1&#8243; _builder_version=&#8221;4.27.4&#8243; _module_preset=&#8221;default&#8221; global_colors_info=&#8221;{}&#8221; theme_builder_area=&#8221;post_content&#8221;][\/dipi_carousel_child][dipi_carousel_child img_src=&#8221;https:\/\/www.constructoravic.cl\/wp-content\/uploads\/2025\/12\/4.22.png&#8221; title_text=&#8221;4.22&#8243; _builder_version=&#8221;4.27.4&#8243; _module_preset=&#8221;default&#8221; global_colors_info=&#8221;{}&#8221; theme_builder_area=&#8221;post_content&#8221;][\/dipi_carousel_child][\/dipi_carousel][\/et_pb_column][\/et_pb_row][\/et_pb_section]<\/p>\n","protected":false},"excerpt":{"rendered":"<p>Nombres del proyectoEMPRESA MANDANTE: TEPSAC UBICACI\u00d3N: Minera Centinela PERIODO: May \u2013 Sep \/ 2025 NOMBRE DEL PROYECTO: Sumnistro de 960 m3 de soluci\u00f3n de Bischofita para supresi\u00f3n de polvo en caminos de Nueva Centinela. Duraci\u00f3n: 5 meses DESCRIPCI\u00d3N GENERAL: Adquisi\u00f3n de Bischofita a granel y posterior diluci\u00f3n con agua industrial para lograr una densidad de [&hellip;]<\/p>\n","protected":false},"author":1,"featured_media":0,"parent":0,"menu_order":0,"comment_status":"closed","ping_status":"closed","template":"","meta":{"_et_pb_use_builder":"on","_et_pb_old_content":"<!-- wp:divi\/placeholder \/-->","_et_gb_content_width":"","footnotes":""},"dipi_cpt_category":[],"class_list":["post-15766995","page","type-page","status-publish","hentry"],"_links":{"self":[{"href":"https:\/\/www.constructoravic.cl\/index.php\/wp-json\/wp\/v2\/pages\/15766995","targetHints":{"allow":["GET"]}}],"collection":[{"href":"https:\/\/www.constructoravic.cl\/index.php\/wp-json\/wp\/v2\/pages"}],"about":[{"href":"https:\/\/www.constructoravic.cl\/index.php\/wp-json\/wp\/v2\/types\/page"}],"author":[{"embeddable":true,"href":"https:\/\/www.constructoravic.cl\/index.php\/wp-json\/wp\/v2\/users\/1"}],"replies":[{"embeddable":true,"href":"https:\/\/www.constructoravic.cl\/index.php\/wp-json\/wp\/v2\/comments?post=15766995"}],"version-history":[{"count":4,"href":"https:\/\/www.constructoravic.cl\/index.php\/wp-json\/wp\/v2\/pages\/15766995\/revisions"}],"predecessor-version":[{"id":27006927,"href":"https:\/\/www.constructoravic.cl\/index.php\/wp-json\/wp\/v2\/pages\/15766995\/revisions\/27006927"}],"wp:attachment":[{"href":"https:\/\/www.constructoravic.cl\/index.php\/wp-json\/wp\/v2\/media?parent=15766995"}],"wp:term":[{"taxonomy":"dipi_cpt_category","embeddable":true,"href":"https:\/\/www.constructoravic.cl\/index.php\/wp-json\/wp\/v2\/dipi_cpt_category?post=15766995"}],"curies":[{"name":"wp","href":"https:\/\/api.w.org\/{rel}","templated":true}]}}